{"id":415,"date":"2019-08-19T08:53:09","date_gmt":"2019-08-19T01:53:09","guid":{"rendered":"https:\/\/eratattoo.minhhoat.in\/?page_id=415"},"modified":"2019-08-19T10:13:30","modified_gmt":"2019-08-19T03:13:30","slug":"cau-hoi-thuong-gap","status":"publish","type":"page","link":"https:\/\/xamhinhnghethuateratattoo.chothemewp.com\/?page_id=415","title":{"rendered":"C\u00e2u h\u1ecfi th\u01b0\u1eddng g\u1eb7p"},"content":{"rendered":"<div class=\"is-divider divider clearfix\" style=\"margin-top:0px;margin-bottom:0px;max-width:100%;height:1px;background-color:rgb(255, 255, 255);\"><\/div>\n\t<div id=\"gap-1131592464\" class=\"gap-element clearfix\" style=\"display:block; height:auto;\">\n\t\t\n<style>\n#gap-1131592464 {\n  padding-top: 40px;\n}\n<\/style>\n\t<\/div>\n\t\n<div class=\"row row-small align-center\"  id=\"row-1994543442\">\n\n\t<div id=\"col-1666669925\" class=\"col medium-10 small-12 large-10\"  >\n\t\t\t\t<div class=\"col-inner\" style=\"background-color:rgba(255, 255, 255, 0.2);\" >\n\t\t\t\n\t\t\t\n<div class=\"accordion\" rel=\"1\">\n<div class=\"accordion-item\"><a href=\"#\" class=\"accordion-title plain\"><button class=\"toggle\"><i class=\"icon-angle-down\"><\/i><\/button><span>L\u00e0m th\u1ebf n\u00e0o \u0111\u1ec3 t\u00f4i c\u00f3 th\u1ec3 \u0111\u1eb7t l\u1ecbch?<\/span><\/a><div class=\"accordion-inner\">\n<p style=\"text-align: justify;\">Khi b\u1ea1n \u0111\u00e3 ch\u1ecdn (c\u00e1c) ngh\u1ec7 s\u0129 y\u00eau th\u00edch c\u1ee7a m\u00ecnh, h\u00e3y<br \/>G\u1ecdi cho ch\u00fang t\u00f4i theo s\u1ed1 (024) 6657 8484 \/ (024) 6291 3784<br \/>G\u1eedi email chi ti\u1ebft t\u1edbi booking.hanoi@1984studios.vn ho\u1eb7c booking.hoian@1984studios.vn<br \/>Nh\u1eafn tin t\u1edbi Facebook c\u1ee7a ch\u00fang t\u00f4i https:\/\/www.facebook.com\/1984tattoostudio\/<br \/>k\u00e8m theo m\u00f4 t\u1ea3 v\u1ec1 thi\u1ebft k\u1ebf, m\u1ed9t s\u1ed1 h\u00ecnh \u1ea3nh mi\u00eau t\u1ea3 \u00fd t\u01b0\u1edfng c\u1ee7a b\u1ea1n v\u00e0 ng\u00e0y b\u1ea1n mu\u1ed1n \u0111\u1eb7t l\u1ecbch. \u0110i\u1ec1u n\u00e0y s\u1ebd cho ph\u00e9p ch\u00fang t\u00f4i x\u1eed l\u00fd y\u00eau c\u1ea7u c\u1ee7a b\u1ea1n m\u1ed9t c\u00e1ch nhanh ch\u00f3ng v\u00e0 hi\u1ec7u qu\u1ea3. Ch\u00fang t\u00f4i nh\u1eadn l\u1ecbch h\u1eb9n t\u1ed1i \u0111a ba th\u00e1ng tr\u01b0\u1edbc ng\u00e0y \u0111\u1eb7t l\u1ecbch.<\/p>\n<\/div><\/div>\n<div class=\"accordion-item\"><a href=\"#\" class=\"accordion-title plain\"><button class=\"toggle\"><i class=\"icon-angle-down\"><\/i><\/button><span>Quy tr\u00ecnh \u0111\u1eb7t l\u1ecbch ra sao v\u00e0 ch\u00fang ho\u1ea1t \u0111\u1ed9ng nh\u01b0 th\u1ebf n\u00e0o?<\/span><\/a><div class=\"accordion-inner\">\n<p style=\"text-align: justify;\">Th\u00f4ng th\u01b0\u1eddng, ch\u00fang t\u00f4i s\u1ebd y\u00eau c\u1ea7u kh\u00e1ch h\u00e0ng t\u1edbi v\u00e0 tr\u1ef1c ti\u1ebfp g\u1eb7p ch\u00fang t\u00f4i. Ch\u00fang t\u00f4i c\u00f3 c\u00e1c tr\u1ee3 l\u00fd v\u00e0 th\u1ee3 x\u0103m s\u1eb5n s\u00e0ng gi\u00fap b\u1ea1n ti\u1ebfp nh\u1eadn \u00fd t\u01b0\u1edfng v\u00e0 h\u1ed7 tr\u1ee3 b\u1ea1n \u0111\u01b0a ra quy\u1ebft \u0111\u1ecbnh cu\u1ed1i c\u00f9ng. B\u1ea1n kh\u00f4ng c\u1ea7n ph\u1ea3i \u0111\u1eb7t l\u1ecbch \u0111\u1ec3 t\u1edbi v\u00e0 n\u00f3i chuy\u1ec7n v\u1edbi c\u00e1c tr\u1ee3 l\u00fd c\u1ee7a ch\u00fang t\u00f4i tuy nhi\u00ean \u0111\u00f4i khi \u0111\u1eb7t l\u1ecbch tr\u01b0\u1edbc s\u1ebd khi\u1ebfn b\u1ea1n kh\u00f4ng ph\u1ea3i ch\u1edd \u0111\u1ee3i. Sau khi g\u1eb7p v\u00e0 nghe t\u01b0 v\u1ea5n t\u1eeb c\u00e1c tr\u1ee3 l\u00fd v\u00e0 th\u1ee3 x\u0103m c\u1ee7a ch\u00fang t\u00f4i, ch\u00fang t\u00f4i c\u00f3 th\u1ec3 \u0111\u1eb7t l\u1ecbch \u0111\u1ec3 b\u1ea1n th\u1ef1c hi\u1ec7n h\u00ecnh x\u0103m ho\u1eb7c xem thi\u1ebft k\u1ebf m\u00e0 b\u1ea1n y\u00eau c\u1ea7u (n\u1ebfu c\u1ea7n thi\u1ebft). \u0110\u00f4i khi, vi\u1ec7c t\u01b0 v\u1ea5n l\u00e0 c\u1ea7n thi\u1ebft \u0111\u1ec3 \u0111o l\u01b0\u1eddng ho\u1eb7c theo d\u00f5i khu v\u1ef1c b\u1ea1n mu\u1ed1n \u0111\u01b0\u1ee3c x\u0103m. T\u1ea5t c\u1ea3 qu\u00e1 tr\u00ecnh n\u00e0y l\u00e0 mi\u1ec5n ph\u00ed nh\u01b0ng ch\u00fang t\u00f4i s\u1ebd y\u00eau c\u1ea7u b\u1ea1n \u0111\u1eb7t c\u1ecdc \u0111\u1ec3 c\u00f3 th\u1ec3 gi\u1eef l\u1ecbch th\u1ef1c hi\u1ec7n h\u00ecnh x\u0103m cho b\u1ea1n ho\u1eb7c tr\u01b0\u1edbc khi th\u1ef1c hi\u1ec7n b\u1ea5t k\u1ef3 thi\u1ebft k\u1ebf n\u00e0o.<\/p>\n<\/div><\/div>\n<div class=\"accordion-item\"><a href=\"#\" class=\"accordion-title plain\"><button class=\"toggle\"><i class=\"icon-angle-down\"><\/i><\/button><span>Bao nhi\u00eau tu\u1ed5i th\u00ec t\u00f4i c\u00f3 th\u1ec3 th\u1ef1c hi\u1ec7n h\u00ecnh x\u0103m?<\/span><\/a><div class=\"accordion-inner\">\n<p style=\"text-align: justify;\">B\u1ea1n ph\u1ea3i \u00edt nh\u1ea5t 18 tu\u1ed5i ho\u1eb7c c\u00f3 s\u1ef1 \u0111\u1ed3ng \u00fd c\u1ee7a cha m\u1eb9.<\/p>\n<\/div><\/div>\n<div class=\"accordion-item\"><a href=\"#\" class=\"accordion-title plain\"><button class=\"toggle\"><i class=\"icon-angle-down\"><\/i><\/button><span>Chi ph\u00ed cho m\u1ed9t h\u00ecnh x\u0103m \u0111\u01b0\u1ee3c t\u00ednh nh\u01b0 th\u1ebf n\u00e0o?<\/span><\/a><div class=\"accordion-inner\">\n<p style=\"text-align: justify;\">\u0110i\u1ec1u \u0111\u00f3 ph\u1ee5 thu\u1ed9c v\u00e0o c\u00e1c ngh\u1ec7 s\u0129, nh\u01b0ng t\u1ea5t c\u1ea3 c\u00e1c h\u00ecnh x\u0103m gi\u00e1 \u0111\u1ec1u b\u1eaft \u0111\u1ea7u t\u1eeb \u00edt nh\u1ea5t l\u00e0 500.000 \u0111\u1ed3ng. Gi\u00e1 cu\u1ed1i c\u00f9ng ph\u1ee5 thu\u1ed9c v\u00e0o k\u00edch th\u01b0\u1edbc, \u0111\u1ed9 ph\u1ee9c t\u1eadp c\u1ee7a thi\u1ebft k\u1ebf, v\u1ecb tr\u00ed tr\u00ean c\u01a1 th\u1ec3 n\u01a1i thi\u1ebft k\u1ebf s\u1ebd \u0111\u01b0\u1ee3c \u0111\u1eb7t.<\/p>\n<\/div><\/div>\n<div class=\"accordion-item\"><a href=\"#\" class=\"accordion-title plain\"><button class=\"toggle\"><i class=\"icon-angle-down\"><\/i><\/button><span>L\u00e0m th\u1ebf n\u00e0o \u0111\u1ec3 t\u00f4i c\u00f3 th\u1ec3 bi\u1ebft \u0111\u01b0\u1ee3c m\u1ee9c gi\u00e1 kho\u1ea3ng bao nhi\u00eau?<\/span><\/a><div class=\"accordion-inner\">\n<p style=\"text-align: justify;\">C\u00e1ch t\u1ed1t nh\u1ea5t \u0111\u1ec3 c\u00f3 \u0111\u01b0\u1ee3c m\u1ed9t m\u1ee9c gi\u00e1 kho\u1ea3ng s\u00e1t nh\u1ea5t c\u00f3 th\u1ec3 l\u00e0 t\u1edbi g\u1eb7p tr\u1ef1c ti\u1ebfp c\u00e1c ngh\u1ec7 s\u0129 c\u1ee7a ch\u00fang t\u00f4i \u0111\u1ec3 h\u1ecd c\u00f3 th\u1ec3 t\u01b0 v\u1ea5n (mi\u1ec5n ph\u00ed) cho b\u1ea1n &#8211; ho\u1eb7c b\u1ea1n c\u00f3 th\u1ec3 g\u1eedi m\u1ed9t email\/tin nh\u1eafn Facebook chi ti\u1ebft cho ch\u00fang t\u00f4i, mi\u00eau t\u1ea3 ch\u00ednh x\u00e1c nh\u1eefng g\u00ec b\u1ea1n mu\u1ed1n k\u00e8m theo h\u00ecnh minh h\u1ecda v\u00e0 v\u1ecb tr\u00ed b\u1ea1n mu\u1ed1n th\u1ef1c hi\u1ec7n c\u0169ng nh\u01b0 k\u00edch th\u01b0\u1edbc ch\u00ednh x\u00e1c theo centimet v\u00e0 sau \u0111\u00f3 ch\u00fang t\u00f4i s\u1ebd b\u00e1o gi\u00e1 kho\u1ea3ng cho b\u1ea1n.<\/p>\n<p style=\"text-align: justify;\">N\u1ebfu \u00fd t\u01b0\u1edfng c\u1ee7a b\u1ea1n kh\u00e1 ph\u1ee9c t\u1ea1p, ch\u00fang t\u00f4i c\u0169ng r\u1ea5t ch\u00e0o \u0111\u00f3n b\u1ea1n t\u1edbi c\u1eeda h\u00e0ng v\u00e0 n\u00f3i chuy\u1ec7n v\u1edbi tr\u1ee3 l\u00fd ho\u1eb7c ngh\u1ec7 s\u0129 c\u1ee7a ch\u00fang t\u00f4i, n\u1ebfu h\u1ecd c\u00f3 m\u1eb7t. 12 th\u1ee3 x\u0103m c\u1ee7a 1984 Studio lu\u00f4n s\u1eb5n l\u00f2ng gi\u00fap b\u1ea1n cung c\u1ea5p th\u00f4ng tin b\u1ea1n c\u1ea7n.<\/p>\n<\/div><\/div>\n<div class=\"accordion-item\"><a href=\"#\" class=\"accordion-title plain\"><button class=\"toggle\"><i class=\"icon-angle-down\"><\/i><\/button><span>T\u00f4i c\u00f3 c\u1ea7n thi\u1ebft ph\u1ea3i \u0111\u1eb7t c\u1ecdc n\u1ebfu t\u00f4i quy\u1ebft \u0111\u1ecbnh \u0111\u1eb7t l\u1ecbch th\u1ef1c hi\u1ec7n h\u00ecnh x\u0103m kh\u00f4ng?<\/span><\/a><div class=\"accordion-inner\">\n<p style=\"text-align: justify;\">C\u00e2u tr\u1ea3 l\u1eddi l\u00e0 c\u00f3. Ti\u1ec1n \u0111\u1eb7t c\u1ecdc l\u00e0 \u0111i\u1ec1u ki\u1ec7n ti\u00ean quy\u1ebft \u0111\u1ec3 c\u00f3 th\u1ec3 \u0111\u1eb7t l\u1ecbch th\u1ef1c hi\u1ec7n h\u00ecnh x\u0103m. Ti\u1ec1n \u0111\u1eb7t c\u1ecdc s\u1ebd \u0111\u01b0\u1ee3c ho\u00e0n l\u1ea1i m\u1ed9t n\u1eeda khi cu\u1ed9c h\u1eb9n b\u1ecb h\u1ee7y b\u1ecf ho\u1eb7c s\u1ebd \u0111\u01b0\u1ee3c tr\u1eeb v\u00e0o gi\u00e1 cu\u1ed1i c\u00f9ng khi b\u1ea1n th\u1ef1c hi\u1ec7n h\u00ecnh x\u0103m.<\/p>\n<\/div><\/div>\n<div class=\"accordion-item\"><a href=\"#\" class=\"accordion-title plain\"><button class=\"toggle\"><i class=\"icon-angle-down\"><\/i><\/button><span>T\u00f4i n\u00ean chu\u1ea9n b\u1ecb nh\u1eefng g\u00ec cho h\u00ecnh x\u0103m c\u1ee7a m\u00ecnh?<\/span><\/a><div class=\"accordion-inner\">\n<p style=\"text-align: justify;\">Ch\u00fang t\u00f4i khuy\u00ean b\u1ea1n n\u00ean \u0103n u\u1ed1ng \u0111\u1ea7y \u0111\u1ee7 tr\u01b0\u1edbc khi t\u1edbi v\u00e0 nh\u1edb \u0111\u1eebng \u0111\u1ec3 c\u01a1 th\u1ec3 r\u1eddi v\u00e0o t\u00ecnh tr\u1ea1ng m\u1ea5t n\u01b0\u1edbc. N\u1ebfu b\u1ea1n b\u1eaft \u0111\u1ea7u c\u1ea3m th\u1ea5y ch\u00f3ng m\u1eb7t, h\u00e3y u\u1ed1ng soda. \u0110\u01b0\u1eddng s\u1ebd l\u00e0 \u201cb\u1ea1n\u201d c\u1ee7a ch\u00fang ta trong t\u00ecnh hu\u1ed1ng n\u00e0y. \u0110i b\u1ed9 quanh H\u00e0 N\u1ed9i\/H\u1ed9i An v\u00e0o nh\u1eefng ng\u00e0y m\u00f9a h\u00e8, kh\u00f4ng u\u1ed1ng n\u01b0\u1edbc v\u00e0 sau \u0111\u00f3 t\u1edbi th\u1ef1c hi\u1ec7n h\u00ecnh x\u0103m v\u1edbi m\u1ed9t d\u1ea1 d\u00e0y tr\u1ed1ng r\u1ed7ng ho\u00e0n to\u00e0n kh\u00f4ng t\u1ed1t ch\u00fat n\u00e0o.<\/p>\n<p style=\"text-align: justify;\">B\u1ea1n c\u0169ng \u0111\u01b0\u1ee3c khuy\u1ebfn kh\u00edch kh\u00f4ng n\u00ean tham gia c\u00e1c bu\u1ed5i ti\u1ec7c t\u00f9ng v\u00e0o t\u1ed1i h\u00f4m tr\u01b0\u1edbc b\u1edfi v\u00ec c\u1ed3n c\u00f3 th\u1ec3 l\u00e0m t\u0103ng kh\u1ea3 n\u0103ng ch\u1ea3y m\u00e1u k\u00e9o d\u00e0i t\u1edbi 24 gi\u1edd. M\u00e1u c\u0169ng l\u00e0m lo\u00e3ng s\u1eafc t\u1ed1 da c\u1ee7a ch\u00fang ta, \u1ea3nh h\u01b0\u1edfng \u0111\u1ebfn c\u1ea3 s\u1ef1 xu\u1ea5t hi\u1ec7n c\u1ee7a h\u00ecnh x\u0103m c\u0169ng nh\u01b0 qu\u00e1 tr\u00ecnh ch\u1eefa b\u1ec7nh. H\u00e3y nh\u1edb \u0111\u1ec3 gi\u1eef b\u00ecnh t\u0129nh v\u00e0 m\u00e1t m\u1ebb, t\u1ea5t c\u1ea3 \u0111\u00e3 n\u1eb1m trong t\u1ea7m tay b\u1ea1n. Kh\u00f4ng c\u00f3 g\u00ec ph\u1ea3i c\u0103ng th\u1eb3ng &#8211; \u0111\u00f3 ch\u1ec9 l\u00e0 m\u1ed9t h\u00ecnh x\u0103m!<\/p>\n<\/div><\/div>\n<div class=\"accordion-item\"><a href=\"#\" class=\"accordion-title plain\"><button class=\"toggle\"><i class=\"icon-angle-down\"><\/i><\/button><span>X\u0103m c\u00f3 \u0111au kh\u00f4ng?<\/span><\/a><div class=\"accordion-inner\">\n<p style=\"text-align: justify;\">Ch\u1eafc ch\u1eafn c\u00f3. Nh\u01b0ng theo c\u00e1ch b\u1ea1n c\u00f3 th\u1ec3 ch\u1ecbu \u0111\u01b0\u1ee3c. N\u00e3o c\u1ee7a b\u1ea1n lu\u00f4n gi\u1ea3i ph\u00f3ng endorphin khi b\u1ea1n ph\u1ea3i tr\u1ea3i qua c\u00e1c c\u01a1n \u0111au v\u00e0 c\u01a1 th\u1ec3 b\u1ea1n r\u1ea5t y\u00eau endorphin, v\u00ec v\u1eady, tuy r\u1eb1ng \u0111au, nh\u01b0ng b\u1ea1n s\u1ebd th\u00edch n\u00f3.<\/p>\n<\/div><\/div>\n<div class=\"accordion-item\"><a href=\"#\" class=\"accordion-title plain\"><button class=\"toggle\"><i class=\"icon-angle-down\"><\/i><\/button><span>T\u00f4i c\u00f3 th\u1ec3 s\u1eed d\u1ee5ng kem l\u00e0m t\u00ea ch\u1ee9?<\/span><\/a><div class=\"accordion-inner\">\n<p style=\"text-align: justify;\">B\u1ea5t k\u1ef3 lo\u1ea1i kem l\u00e0m t\u00ea n\u00e0o c\u0169ng \u0111\u1ec1u kh\u00f4ng \u0111\u01b0\u1ee3c khuy\u1ebfn kh\u00edch v\u00ec ch\u00fang s\u1ebd l\u00e0m thay \u0111\u1ed5i ch\u1ea5t da c\u1ee7a b\u1ea1n. C\u00e1c lo\u1ea1i kem l\u00e0m t\u00ea th\u00f4ng th\u01b0\u1eddng ch\u1ec9 k\u00e9o d\u00e0i kho\u1ea3ng m\u1ed9t ti\u1ebfng r\u01b0\u1ee1i, \u0111i\u1ec1u \u0111\u00f3 th\u1ef1c s\u1ef1 kh\u00f4ng qu\u00e1 l\u00e2u.<\/p>\n<\/div><\/div>\n<div class=\"accordion-item\"><a href=\"#\" class=\"accordion-title plain\"><button class=\"toggle\"><i class=\"icon-angle-down\"><\/i><\/button><span>S\u1ebd m\u1ea5t bao l\u00e2u \u0111\u1ec3 h\u00ecnh x\u0103m c\u00f3 th\u1ec3 b\u00ecnh ph\u1ee5c ho\u00e0n to\u00e0n?<\/span><\/a><div class=\"accordion-inner\">\n<p style=\"text-align: justify;\">Ph\u1ea3i m\u1ea5t t\u1eeb hai \u0111\u1ebfn b\u1ed1n tu\u1ea7n \u0111\u1ec3 &#8220;l\u00e0nh\u201d, nh\u01b0ng ph\u1ea3i m\u1ea5t h\u00e0ng th\u00e1ng \u0111\u1ec3 da t\u00e1i sinh ho\u00e0n to\u00e0n.<\/p>\n<\/div><\/div>\n<div class=\"accordion-item\"><a href=\"#\" class=\"accordion-title plain\"><button class=\"toggle\"><i class=\"icon-angle-down\"><\/i><\/button><span>L\u00e0m th\u1ebf n\u00e0o \u0111\u1ec3 t\u00f4i c\u00f3 th\u1ec3 ch\u0103m s\u00f3c cho h\u00ecnh x\u0103m m\u1edbi?<\/span><\/a><div class=\"accordion-inner\">\n<p style=\"text-align: justify;\">M\u1ed7i c\u1eeda h\u00e0ng \u0111\u1ec1u c\u00f3 ph\u01b0\u01a1ng ph\u00e1p ch\u0103m s\u00f3c ri\u00eang. B\u1ea1n s\u1ebd \u0111\u01b0\u1ee3c h\u01b0\u1edbng d\u1eabn ch\u0103m s\u00f3c sau khi b\u1ea1n \u0111\u00e3 th\u1ef1c hi\u1ec7n h\u00ecnh x\u0103m.<\/p>\n<p style=\"text-align: justify;\">H\u00ecnh x\u0103m c\u1ee7a b\u1ea1n \u0111\u00e3 \u0111\u01b0\u1ee3c c\u00e1c ngh\u1ec7 s\u0129 ho\u00e0n thi\u1ec7n m\u1ed9t c\u00e1ch r\u1ea5t c\u1ea9n th\u1eadn. \u0110\u1ec3 \u0111\u1ea3m b\u1ea3o h\u00ecnh x\u0103m \u0111\u1ea1t \u0111\u01b0\u1ee3c ch\u1ea5t l\u01b0\u1ee3ng t\u1ed1t nh\u1ea5t, vui l\u00f2ng th\u1ef1c hi\u1ec7n theo c\u00e1c h\u01b0\u1edbng d\u1eabn ch\u0103m s\u00f3c \u0111\u01a1n gi\u1ea3n d\u01b0\u1edbi \u0111\u00e2y c\u1ee7a ch\u00fang t\u00f4i.<\/p>\n<p style=\"text-align: justify;\">H\u01af\u1edaNG D\u1eaaN<\/p>\n<ul>\n<li style=\"text-align: justify;\">H\u00e3y gi\u1eef l\u1edbp b\u1ecdc b\u00ean ngo\u00e0i trong kho\u1ea3ng 30 ph\u00fat sau \u0111\u00f3 b\u1ecf ch\u00fang \u0111i, nh\u1eb9 nh\u00e0ng r\u1eeda h\u00ecnh x\u0103m c\u1ee7a b\u1ea1n b\u1eb1ng n\u01b0\u1edbc \u1ea5m v\u00e0 x\u00e0 b\u00f4ng kh\u00e1ng khu\u1ea9n d\u1ea1ng l\u1ecfng. Kh\u00f4ng s\u1eed d\u1ee5ng x\u00e0 ph\u00f2ng ho\u1eb7c kh\u0103n \u01b0\u1edbt.<\/li>\n<li style=\"text-align: justify;\">Nh\u1eb9 nh\u00e0ng lau kh\u00f4 h\u00ecnh x\u0103m b\u1eb1ng kh\u0103n gi\u1ea5y s\u1ea1ch. \u0110\u1eebng ch\u00e0 x\u00e1t qua l\u1ea1i.<\/li>\n<li style=\"text-align: justify;\">Lu\u00f4n r\u1eeda tay tr\u01b0\u1edbc khi ch\u1ea1m v\u00e0o h\u00ecnh x\u0103m. \u0110\u1eebng qu\u1ea5n n\u00f3 v\u1edbi b\u1ea5t c\u1ee9 th\u1ee9 g\u00ec n\u1eefa.<\/li>\n<li style=\"text-align: justify;\">Sau 3 ng\u00e0y, h\u00e3y thoa m\u1ed9t l\u1edbp thu\u1ed1c m\u1ee1 Vitamin A &amp; D r\u1ea5t m\u1ecfng l\u00ean h\u00ecnh x\u0103m c\u1ee7a b\u1ea1n. Ti\u1ebfp t\u1ee5c thoa 1-2 l\u1ea7n m\u1ed7i ng\u00e0y cho \u0111\u1ebfn khi h\u00ecnh x\u0103m c\u1ee7a b\u1ea1n \u0111\u01b0\u1ee3c b\u00ecnh ph\u1ee5c ho\u00e0n to\u00e0n.<\/li>\n<li style=\"text-align: justify;\">H\u00ecnh x\u0103m c\u1ee7a b\u1ea1n c\u0169ng c\u1ea7n oxy \u0111\u1ec3 ch\u1eefa l\u00e0nh n\u00ean h\u00e3y \u0111\u1ec3 n\u00f3 \u0111\u01b0\u1ee3c ti\u1ebfp x\u00fac v\u1edbi oxy, bong l\u00e0 m\u1ed9t ph\u1ea7n b\u00ecnh th\u01b0\u1eddng c\u1ee7a qu\u00e1 tr\u00ecnh ho\u00e0n thi\u1ec7n h\u00ecnh x\u0103m. \u0110\u1eebng bao gi\u1edd c\u1ecd ho\u1eb7c g\u00e3i h\u00ecnh x\u0103m c\u1ee7a b\u1ea1n trong khi n\u00f3 \u0111ang l\u00e0nh l\u1ea1i &#8211; \u0111i\u1ec1u n\u00e0y s\u1ebd l\u00e0m h\u1ecfng n\u00f3.<\/li>\n<li style=\"text-align: justify;\">B\u1ea1n kh\u00f4ng n\u00ean \u0111i \u0111\u1ebfn b\u1ec3 b\u01a1i, b\u00e3i bi\u1ec3n ho\u1eb7c b\u1ed3n t\u1eafm n\u01b0\u1edbc n\u00f3ng trong th\u1eddi gian kho\u1ea3ng 2 tu\u1ea7n.<\/li>\n<li style=\"text-align: justify;\">Tr\u00e1nh ti\u1ebfp x\u00fac tr\u1ef1c ti\u1ebfp v\u1edbi \u00e1nh m\u1eb7t tr\u1eddi. Sau khi h\u00ecnh x\u0103m \u0111\u00e3 b\u00ecnh ph\u1ee5c ho\u00e0n to\u00e0n, b\u1ea1n c\u00f3 th\u1ec3 thoa kem ch\u1ed1ng n\u1eafng l\u00ean tr\u00ean h\u00ecnh x\u0103m khi h\u00ecnh x\u0103m c\u1ee7a b\u1ea1n ph\u1ea3i ti\u1ebfp x\u00fac tr\u1ef1c ti\u1ebfp d\u01b0\u1edbi \u00e1nh s\u00e1ng m\u1eb7t tr\u1eddi trong th\u1eddi gian d\u00e0i. Kh\u00f4ng thoa kem ch\u1ed1ng n\u1eafng l\u00ean h\u00ecnh x\u0103m khi ch\u00fang ch\u01b0a ho\u00e0n to\u00e0n b\u00ecnh ph\u1ee5c.<\/li>\n<li style=\"text-align: justify;\">N\u1ebfu b\u1ea1n c\u00f3 b\u1ea5t k\u1ef3 th\u1eafc m\u1eafc n\u00e0o, vui l\u00f2ng li\u00ean h\u1ec7 v\u1edbi c\u00e1c studio c\u1ee7a ch\u00fang t\u00f4i \u0111\u1ec3 \u0111\u01b0\u1ee3c gi\u1ea3i \u0111\u00e1p. Ch\u00fac s\u1edbm b\u00ecnh ph\u1ee5c!<\/li>\n<\/ul>\n<\/div><\/div>\n<div class=\"accordion-item\"><a href=\"#\" class=\"accordion-title plain\"><button class=\"toggle\"><i class=\"icon-angle-down\"><\/i><\/button><span>T\u00f4i ph\u1ea3i t\u1edbi \u0111\u00e2u \u0111\u1ec3 c\u00f3 th\u1ec3 \u0111\u01b0\u1ee3c t\u01b0 v\u1ea5n tr\u1ef1c ti\u1ebfp?<\/span><\/a><div class=\"accordion-inner\">\n<p style=\"text-align: justify;\">Studio c\u1ee7a ch\u00fang t\u00f4i \u0111\u01b0\u1ee3c \u0111\u1eb7t t\u1ea1i trung t\u00e2m H\u00e0 N\u1ed9i v\u00e0 H\u1ed9i An, n\u01a1i d\u00e0nh cho t\u1ea5t c\u1ea3 nh\u1eefng ai c\u00f3 ni\u1ec1m \u0111am m\u00ea v\u1edbi nh\u1eefng h\u00ecnh x\u0103m. Ch\u00fang t\u00f4i c\u00f3 nhi\u1ec1u ngh\u1ec7 s\u0129 chuy\u00ean nghi\u1ec7p v\u1edbi c\u00e1c phong c\u00e1ch kh\u00e1c nhau c\u00f3 th\u1ec3 \u0111\u00e1p \u1ee9ng m\u1ecdi y\u00eau c\u1ea7u c\u1ee7a kh\u00e1ch h\u00e0ng. Kh\u00f4ng gian c\u1ee7a ch\u00fang t\u00f4i v\u1edbi d\u1ecbch v\u1ee5 v\u1ec7 sinh t\u1ed1t v\u00e0 chuy\u00ean nghi\u1ec7p nh\u1ea5t ch\u00ednh l\u00e0 l\u1ef1a ch\u1ecdn ho\u00e0n h\u1ea3o \u0111\u1ec3 b\u1ea1n c\u00f3 \u0111\u01b0\u1ee3c h\u00ecnh x\u0103m nh\u01b0 \u00fd.<\/p>\n<p style=\"text-align: justify;\">B\u1ea1n c\u00f3 th\u1ec3 t\u1edbi m\u1ed9t trong nh\u1eefng \u0111\u1ecba ch\u1ec9 Studo c\u1ee7a ch\u00fang t\u00f4i t\u1ea1i:<\/p>\n<p style=\"text-align: justify;\">37 M\u00e3 M\u00e2y, H\u00e0 N\u1ed9i<\/p>\n<p style=\"text-align: justify;\">35 H\u00e0ng Bu\u1ed3m, H\u00e0 N\u1ed9i<\/p>\n<p style=\"text-align: justify;\">274 C\u1eeda \u0110\u1ea1i, H\u1ed9i An<\/p>\n<p style=\"text-align: justify;\">Ch\u00fang t\u00f4i m\u1edf c\u1eeda 7 ng\u00e0y m\u1ed9t tu\u1ea7n, t\u1eeb 9 gi\u1edd s\u00e1ng \u0111\u1ebfn 11 gi\u1edd t\u1ed1i \u0111\u1ec3 c\u00f3 th\u1ec3 ph\u1ee5c v\u1ee5 qu\u00fd kh\u00e1ch h\u00e0ng \u0111\u01b0\u1ee3c t\u1ed1t nh\u1ea5t. V\u1edbi \u0111\u1ed9i ng\u0169 \u0111\u00f4ng \u0111\u1ea3o tr\u1ee3 l\u00fd v\u00e0 12 th\u1ee3 x\u0103m chuy\u00ean nghi\u1ec7p, ch\u00fang t\u00f4i r\u1ea5t s\u1eb5n l\u00f2ng \u0111\u01b0\u1ee3c l\u00e0m vi\u1ec7c v\u1edbi b\u1ea1n.<\/p>\n<\/div><\/div>\n<\/div>\n\t\t<\/div>\n\t\t\t\t\t<\/div>\n\n\t\n<\/div>\n\t<div id=\"gap-1611747580\" class=\"gap-element clearfix\" style=\"display:block; height:auto;\">\n\t\t\n<style>\n#gap-1611747580 {\n  padding-top: 30px;\n}\n<\/style>\n\t<\/div>\n\t\n","protected":false},"excerpt":{"rendered":"","protected":false},"author":1,"featured_media":0,"parent":0,"menu_order":0,"comment_status":"closed","ping_status":"closed","template":"page-blank.php","meta":{"footnotes":""},"yoast_head":"<!-- This site is optimized with the Yoast SEO plugin v19.3 - https:\/\/yoast.com\/wordpress\/plugins\/seo\/ -->\n<title>C\u00e2u h\u1ecfi th\u01b0\u1eddng g\u1eb7p<\/title>\n<meta name=\"robots\" content=\"noindex, follow, max-snippet:-1, max-image-preview:large, max-video-preview:-1\" \/>\n<meta property=\"og:locale\" content=\"vi_VN\" \/>\n<meta property=\"og:type\" content=\"article\" \/>\n<meta property=\"og:title\" content=\"C\u00e2u h\u1ecfi th\u01b0\u1eddng g\u1eb7p\" \/>\n<meta property=\"og:url\" content=\"https:\/\/xamhinhnghethuateratattoo.chothemewp.com\/?page_id=415\" \/>\n<meta property=\"og:site_name\" content=\"X\u0103m h\u00ecnh ngh\u1ec7 thu\u1eadt Era Tattoo\" \/>\n<meta property=\"article:modified_time\" content=\"2019-08-19T03:13:30+00:00\" \/>\n<meta name=\"twitter:card\" content=\"summary_large_image\" \/>\n<meta name=\"twitter:label1\" content=\"\u01af\u1edbc t\u00ednh th\u1eddi gian \u0111\u1ecdc\" \/>\n\t<meta name=\"twitter:data1\" content=\"12 ph\u00fat\" \/>\n<script type=\"application\/ld+json\" class=\"yoast-schema-graph\">{\"@context\":\"https:\/\/schema.org\",\"@graph\":[{\"@type\":\"WebSite\",\"@id\":\"https:\/\/xamhinhnghethuateratattoo.chothemewp.com\/#website\",\"url\":\"https:\/\/xamhinhnghethuateratattoo.chothemewp.com\/\",\"name\":\"X\u0103m h\u00ecnh ngh\u1ec7 thu\u1eadt Era Tattoo\",\"description\":\"\",\"potentialAction\":[{\"@type\":\"SearchAction\",\"target\":{\"@type\":\"EntryPoint\",\"urlTemplate\":\"https:\/\/xamhinhnghethuateratattoo.chothemewp.com\/?s={search_term_string}\"},\"query-input\":\"required name=search_term_string\"}],\"inLanguage\":\"vi\"},{\"@type\":\"WebPage\",\"@id\":\"https:\/\/xamhinhnghethuateratattoo.chothemewp.com\/?page_id=415\",\"url\":\"https:\/\/xamhinhnghethuateratattoo.chothemewp.com\/?page_id=415\",\"name\":\"C\u00e2u h\u1ecfi th\u01b0\u1eddng g\u1eb7p\",\"isPartOf\":{\"@id\":\"https:\/\/xamhinhnghethuateratattoo.chothemewp.com\/#website\"},\"datePublished\":\"2019-08-19T01:53:09+00:00\",\"dateModified\":\"2019-08-19T03:13:30+00:00\",\"breadcrumb\":{\"@id\":\"https:\/\/xamhinhnghethuateratattoo.chothemewp.com\/?page_id=415#breadcrumb\"},\"inLanguage\":\"vi\",\"potentialAction\":[{\"@type\":\"ReadAction\",\"target\":[\"https:\/\/xamhinhnghethuateratattoo.chothemewp.com\/?page_id=415\"]}]},{\"@type\":\"BreadcrumbList\",\"@id\":\"https:\/\/xamhinhnghethuateratattoo.chothemewp.com\/?page_id=415#breadcrumb\",\"itemListElement\":[{\"@type\":\"ListItem\",\"position\":1,\"name\":\"Trang ch\u1ee7\",\"item\":\"https:\/\/xamhinhnghethuateratattoo.chothemewp.com\/\"},{\"@type\":\"ListItem\",\"position\":2,\"name\":\"C\u00e2u h\u1ecfi th\u01b0\u1eddng g\u1eb7p\"}]}]}<\/script>\n<!-- \/ Yoast SEO plugin. -->","yoast_head_json":{"title":"C\u00e2u h\u1ecfi th\u01b0\u1eddng g\u1eb7p","robots":{"index":"noindex","follow":"follow","max-snippet":"max-snippet:-1","max-image-preview":"max-image-preview:large","max-video-preview":"max-video-preview:-1"},"og_locale":"vi_VN","og_type":"article","og_title":"C\u00e2u h\u1ecfi th\u01b0\u1eddng g\u1eb7p","og_url":"https:\/\/xamhinhnghethuateratattoo.chothemewp.com\/?page_id=415","og_site_name":"X\u0103m h\u00ecnh ngh\u1ec7 thu\u1eadt Era Tattoo","article_modified_time":"2019-08-19T03:13:30+00:00","twitter_card":"summary_large_image","twitter_misc":{"\u01af\u1edbc t\u00ednh th\u1eddi gian \u0111\u1ecdc":"12 ph\u00fat"},"schema":{"@context":"https:\/\/schema.org","@graph":[{"@type":"WebSite","@id":"https:\/\/xamhinhnghethuateratattoo.chothemewp.com\/#website","url":"https:\/\/xamhinhnghethuateratattoo.chothemewp.com\/","name":"X\u0103m h\u00ecnh ngh\u1ec7 thu\u1eadt Era Tattoo","description":"","potentialAction":[{"@type":"SearchAction","target":{"@type":"EntryPoint","urlTemplate":"https:\/\/xamhinhnghethuateratattoo.chothemewp.com\/?s={search_term_string}"},"query-input":"required name=search_term_string"}],"inLanguage":"vi"},{"@type":"WebPage","@id":"https:\/\/xamhinhnghethuateratattoo.chothemewp.com\/?page_id=415","url":"https:\/\/xamhinhnghethuateratattoo.chothemewp.com\/?page_id=415","name":"C\u00e2u h\u1ecfi th\u01b0\u1eddng g\u1eb7p","isPartOf":{"@id":"https:\/\/xamhinhnghethuateratattoo.chothemewp.com\/#website"},"datePublished":"2019-08-19T01:53:09+00:00","dateModified":"2019-08-19T03:13:30+00:00","breadcrumb":{"@id":"https:\/\/xamhinhnghethuateratattoo.chothemewp.com\/?page_id=415#breadcrumb"},"inLanguage":"vi","potentialAction":[{"@type":"ReadAction","target":["https:\/\/xamhinhnghethuateratattoo.chothemewp.com\/?page_id=415"]}]},{"@type":"BreadcrumbList","@id":"https:\/\/xamhinhnghethuateratattoo.chothemewp.com\/?page_id=415#breadcrumb","itemListElement":[{"@type":"ListItem","position":1,"name":"Trang ch\u1ee7","item":"https:\/\/xamhinhnghethuateratattoo.chothemewp.com\/"},{"@type":"ListItem","position":2,"name":"C\u00e2u h\u1ecfi th\u01b0\u1eddng g\u1eb7p"}]}]}},"_links":{"self":[{"href":"https:\/\/xamhinhnghethuateratattoo.chothemewp.com\/index.php?rest_route=\/wp\/v2\/pages\/415"}],"collection":[{"href":"https:\/\/xamhinhnghethuateratattoo.chothemewp.com\/index.php?rest_route=\/wp\/v2\/pages"}],"about":[{"href":"https:\/\/xamhinhnghethuateratattoo.chothemewp.com\/index.php?rest_route=\/wp\/v2\/types\/page"}],"author":[{"embeddable":true,"href":"https:\/\/xamhinhnghethuateratattoo.chothemewp.com\/index.php?rest_route=\/wp\/v2\/users\/1"}],"replies":[{"embeddable":true,"href":"https:\/\/xamhinhnghethuateratattoo.chothemewp.com\/index.php?rest_route=%2Fwp%2Fv2%2Fcomments&post=415"}],"version-history":[{"count":0,"href":"https:\/\/xamhinhnghethuateratattoo.chothemewp.com\/index.php?rest_route=\/wp\/v2\/pages\/415\/revisions"}],"wp:attachment":[{"href":"https:\/\/xamhinhnghethuateratattoo.chothemewp.com\/index.php?rest_route=%2Fwp%2Fv2%2Fmedia&parent=415"}],"curies":[{"name":"wp","href":"https:\/\/api.w.org\/{rel}","templated":true}]}}