{"id":289,"date":"2019-04-17T22:37:10","date_gmt":"2019-04-17T15:37:10","guid":{"rendered":"https:\/\/brightstore.minhhoat.in\/?page_id=289"},"modified":"2019-08-19T10:44:57","modified_gmt":"2019-08-19T03:44:57","slug":"gioi-thieu","status":"publish","type":"page","link":"https:\/\/xamhinhnghethuateratattoo.chothemewp.com\/?page_id=289","title":{"rendered":"Gi\u1edbi thi\u1ec7u"},"content":{"rendered":"<div class=\"row row-small align-center\"  id=\"row-972576516\">\n\n\t<div id=\"col-1961086224\" class=\"col small-12 large-12\"  >\n\t\t\t\t<div class=\"col-inner\"  >\n\t\t\t\n\t\t\t\n\t<div class=\"img has-hover x md-x lg-x y md-y lg-y\" id=\"image_637928677\">\n\t\t\t\t\t\t\t\t<div class=\"img-inner dark\" >\n\t\t\t\t\t\t\t\t\t\n\t\t\t\t\t<\/div>\n\t\t\t\t\t\t\t\t\n<style>\n#image_637928677 {\n  width: 100%;\n}\n<\/style>\n\t<\/div>\n\t\n<div class=\"container section-title-container\" style=\"margin-bottom:10px;\"><h1 class=\"section-title section-title-normal\"><b><\/b><span class=\"section-title-main\" >V\u1ec1 Era Tattoo<\/span><b><\/b><\/h1><\/div>\n<div class=\"wpb_animate_when_almost_visible wpb_fadeIn fadeIn nm_column wpb_column vc_column_container col-sm-7 vc_col-sm-7 wpb_start_animation animated\">\n<div class=\"vc_column-inner\">\n<div class=\"wpb_wrapper\">\n<div class=\"wpb_text_column wpb_content_element \">\n<div class=\"wpb_wrapper\">\n<p style=\"text-align: justify;\">\u01a0\u0309 ky\u0309 nguy\u00ean ma\u0300 nh\u01b0\u0303ng quan ni\u00ea\u0323m c\u00f4\u0309 hu\u0309 \u0111a\u0303 bi\u0323 \u0111a\u0300o tha\u0309i, vi\u00ea\u0323c s\u01a1\u0309 h\u01b0\u0303u 1 hi\u0300nh x\u0103m kh\u00f4ng co\u0300n la\u0300 \u0111\u0103\u0323c quy\u00ea\u0300n ri\u00eang cu\u0309a gi\u1edbi giang h\u1ed3. Ba\u0323n co\u0301 th\u00ea\u0309 b\u0103<span class=\"text_exposed_show\">\u0301t g\u0103\u0323p 1 hi\u0300nh x\u0103m \u01a1\u0309 b\u00e2\u0301t c\u01b0\u0301 \u0111\u00e2u, b\u00e2\u0301t c\u01b0\u0301 ai &#8211; 1 ngh\u00ea\u0323 si\u0303 n\u00f4\u0309i ti\u00ea\u0301ng &#8211; 1 c\u00e2\u0300u thu\u0309 l\u01b0\u0300ng danh &#8211; hay nh\u01b0\u0303ng nh\u00e2n vi\u00ean v\u0103n pho\u0300ng, nh\u01b0\u0303ng ho\u0323c sinh sinh vi\u00ean th\u01a1\u0300i \u0111a\u0323i m\u01a1\u0301i&#8230; Ngh\u00ea\u0323 thu\u00e2\u0323t na\u0300y kh\u00f4ng chi\u0309 la\u0300 tra\u0300o l\u01b0u, ma\u0300 co\u0301 gia\u0301 tri\u0323 b\u00ea\u0300n v\u01b0\u0303ng tr\u01b0\u01a1\u0300ng t\u00f4\u0300n nga\u0300y ca\u0300ng pha\u0301t tri\u00ea\u0309n tr\u00ean toa\u0300n th\u00ea\u0301 gi\u01a1\u0301i.<\/span><\/p>\n<ul>\n<li style=\"text-align: justify;\"><span class=\"text_exposed_show\">Hi\u0300nh x\u0103m la\u0300 mo\u0301n trang s\u01b0\u0301c theo ba\u0323n ma\u0303i ma\u0303i, ch\u0103\u0309ng s\u01a1\u0323 r\u01a1i, ch\u0103\u0309ng s\u01a1\u0323 gi\u00e2\u0323t. <\/span><\/li>\n<li style=\"text-align: justify;\"><span class=\"text_exposed_show\">Hi\u0300nh x\u0103m kh\u0103\u0301c ghi nh\u01b0\u0303ng ky\u0309 ni\u00ea\u0323m, s\u01b0\u0323 ki\u00ea\u0323n \u0111a\u0301ng nh\u01a1\u0301 trong \u0111\u01a1\u0300i cu\u0309a ba\u0323n va\u0300 ng\u01b0\u01a1\u0300i th\u00e2n. <\/span><\/li>\n<li style=\"text-align: justify;\"><span class=\"text_exposed_show\">Hi\u0300nh x\u0103m co\u0301 th\u00ea\u0309 mang la\u0323i may m\u0103\u0301n cho th\u00e2n chu\u0309.<\/span><\/li>\n<li style=\"text-align: justify;\"><span class=\"text_exposed_show\">Co\u0301 th\u00ea\u0309 che \u0111i v\u00ea\u0301t se\u0323o hay v\u1ebft r\u1ea1n, v\u1ebft b\u01a1\u0301t kh\u00f4ng la\u0300m ba\u0323n v\u01b0\u0300a y\u0301.<\/span><\/li>\n<li style=\"text-align: justify;\"><span class=\"text_exposed_show\">Co\u0301 th\u00ea\u0309 la\u0300 t\u00ean, ch\u00e2n dung ho\u0103\u0323c nga\u0300y sinh cu\u0309a ng\u01b0\u01a1\u0300i th\u00e2n.<\/span><\/li>\n<li style=\"text-align: justify;\"><span class=\"text_exposed_show\">Co\u0301 th\u00ea\u0309 la\u0300 cung hoa\u0300ng \u0111a\u0323o, con gia\u0301p n\u0103m sinh h\u00f4\u0323 m\u00ea\u0323nh cho ba\u0323n.<\/span><\/li>\n<li style=\"text-align: justify;\"><span class=\"text_exposed_show\">Hay \u0111\u01a1n gia\u0309n la\u0300 1 hi\u0300nh x\u0103m, 1 b\u01b0\u0301c tranh ba\u0323n thi\u0301ch, th\u00ea\u0309 hi\u00ea\u0323n ca\u0301 ti\u0301nh, t\u00f4n chi\u0309 cu\u0309a ba\u0323n.<\/span><\/li>\n<\/ul>\n<p style=\"text-align: center;\"><strong><span class=\"text_exposed_show\">ERA TATTOO &#8211; Ti\u00ean phong trong th\u1eddi \u0111\u1ea1i x\u0103m ngh\u1ec7 thu\u1eadt m\u1edbi!<\/span><\/strong><\/p>\n<\/div>\n<\/div>\n<\/div>\n<\/div>\n<\/div>\n<div class=\"container section-title-container\" style=\"margin-bottom:10px;\"><h3 class=\"section-title section-title-normal\"><b><\/b><span class=\"section-title-main\" >Li\u00ean h\u1ec7<\/span><b><\/b><\/h3><\/div>\n<p><i class=\"fa fa-phone\" style=\"margin-right:5px; font-size:110%; \"><\/i> +84 93 459 64 68<\/p>\n<p><i class=\"fa fa-envelope\" style=\"margin-right:5px; font-size:100%;\"><\/i>eratattoo@gmail.com<\/p>\n<p><i class=\"fa fa-map-marker\" style=\"margin-right:5px; font-size:110%;\"><\/i>S\u1ed1 9 &#8211; Ng\u00f5 3 &#8211; \u0110\u1eb7ng V\u0103n Ng\u1eef &#8211; \u0110\u1ed1ng \u0110a &#8211; H\u00e0 N\u1ed9i<\/p>\n<p><i class=\"fa fa-clock-o\" style=\"margin-right:5px; font-size:110%;\"><\/i>08:00 &#8211; 22:00<\/p>\n\t\t<\/div>\n\t\t\t\t\n<style>\n#col-1961086224 > .col-inner {\n  padding: 20px 0px 0px 0px;\n}\n<\/style>\n\t<\/div>\n\n\t\n<\/div>\n","protected":false},"excerpt":{"rendered":"","protected":false},"author":1,"featured_media":0,"parent":0,"menu_order":0,"comment_status":"closed","ping_status":"closed","template":"page-blank.php","meta":{"footnotes":""},"yoast_head":"<!-- This site is optimized with the Yoast SEO plugin v19.3 - https:\/\/yoast.com\/wordpress\/plugins\/seo\/ -->\n<title>Gi\u1edbi thi\u1ec7u<\/title>\n<meta name=\"robots\" content=\"noindex, follow, max-snippet:-1, max-image-preview:large, max-video-preview:-1\" \/>\n<meta property=\"og:locale\" content=\"vi_VN\" \/>\n<meta property=\"og:type\" content=\"article\" \/>\n<meta property=\"og:title\" content=\"Gi\u1edbi thi\u1ec7u\" \/>\n<meta property=\"og:url\" content=\"https:\/\/xamhinhnghethuateratattoo.chothemewp.com\/?page_id=289\" \/>\n<meta property=\"og:site_name\" content=\"X\u0103m h\u00ecnh ngh\u1ec7 thu\u1eadt Era Tattoo\" \/>\n<meta property=\"article:modified_time\" content=\"2019-08-19T03:44:57+00:00\" \/>\n<meta name=\"twitter:card\" content=\"summary_large_image\" \/>\n<meta name=\"twitter:label1\" content=\"\u01af\u1edbc t\u00ednh th\u1eddi gian \u0111\u1ecdc\" \/>\n\t<meta name=\"twitter:data1\" content=\"2 ph\u00fat\" \/>\n<script type=\"application\/ld+json\" class=\"yoast-schema-graph\">{\"@context\":\"https:\/\/schema.org\",\"@graph\":[{\"@type\":\"WebSite\",\"@id\":\"https:\/\/xamhinhnghethuateratattoo.chothemewp.com\/#website\",\"url\":\"https:\/\/xamhinhnghethuateratattoo.chothemewp.com\/\",\"name\":\"X\u0103m h\u00ecnh ngh\u1ec7 thu\u1eadt Era Tattoo\",\"description\":\"\",\"potentialAction\":[{\"@type\":\"SearchAction\",\"target\":{\"@type\":\"EntryPoint\",\"urlTemplate\":\"https:\/\/xamhinhnghethuateratattoo.chothemewp.com\/?s={search_term_string}\"},\"query-input\":\"required name=search_term_string\"}],\"inLanguage\":\"vi\"},{\"@type\":\"WebPage\",\"@id\":\"https:\/\/xamhinhnghethuateratattoo.chothemewp.com\/?page_id=289\",\"url\":\"https:\/\/xamhinhnghethuateratattoo.chothemewp.com\/?page_id=289\",\"name\":\"Gi\u1edbi thi\u1ec7u\",\"isPartOf\":{\"@id\":\"https:\/\/xamhinhnghethuateratattoo.chothemewp.com\/#website\"},\"datePublished\":\"2019-04-17T15:37:10+00:00\",\"dateModified\":\"2019-08-19T03:44:57+00:00\",\"breadcrumb\":{\"@id\":\"https:\/\/xamhinhnghethuateratattoo.chothemewp.com\/?page_id=289#breadcrumb\"},\"inLanguage\":\"vi\",\"potentialAction\":[{\"@type\":\"ReadAction\",\"target\":[\"https:\/\/xamhinhnghethuateratattoo.chothemewp.com\/?page_id=289\"]}]},{\"@type\":\"BreadcrumbList\",\"@id\":\"https:\/\/xamhinhnghethuateratattoo.chothemewp.com\/?page_id=289#breadcrumb\",\"itemListElement\":[{\"@type\":\"ListItem\",\"position\":1,\"name\":\"Trang ch\u1ee7\",\"item\":\"https:\/\/xamhinhnghethuateratattoo.chothemewp.com\/\"},{\"@type\":\"ListItem\",\"position\":2,\"name\":\"Gi\u1edbi thi\u1ec7u\"}]}]}<\/script>\n<!-- \/ Yoast SEO plugin. -->","yoast_head_json":{"title":"Gi\u1edbi thi\u1ec7u","robots":{"index":"noindex","follow":"follow","max-snippet":"max-snippet:-1","max-image-preview":"max-image-preview:large","max-video-preview":"max-video-preview:-1"},"og_locale":"vi_VN","og_type":"article","og_title":"Gi\u1edbi thi\u1ec7u","og_url":"https:\/\/xamhinhnghethuateratattoo.chothemewp.com\/?page_id=289","og_site_name":"X\u0103m h\u00ecnh ngh\u1ec7 thu\u1eadt Era Tattoo","article_modified_time":"2019-08-19T03:44:57+00:00","twitter_card":"summary_large_image","twitter_misc":{"\u01af\u1edbc t\u00ednh th\u1eddi gian \u0111\u1ecdc":"2 ph\u00fat"},"schema":{"@context":"https:\/\/schema.org","@graph":[{"@type":"WebSite","@id":"https:\/\/xamhinhnghethuateratattoo.chothemewp.com\/#website","url":"https:\/\/xamhinhnghethuateratattoo.chothemewp.com\/","name":"X\u0103m h\u00ecnh ngh\u1ec7 thu\u1eadt Era Tattoo","description":"","potentialAction":[{"@type":"SearchAction","target":{"@type":"EntryPoint","urlTemplate":"https:\/\/xamhinhnghethuateratattoo.chothemewp.com\/?s={search_term_string}"},"query-input":"required name=search_term_string"}],"inLanguage":"vi"},{"@type":"WebPage","@id":"https:\/\/xamhinhnghethuateratattoo.chothemewp.com\/?page_id=289","url":"https:\/\/xamhinhnghethuateratattoo.chothemewp.com\/?page_id=289","name":"Gi\u1edbi thi\u1ec7u","isPartOf":{"@id":"https:\/\/xamhinhnghethuateratattoo.chothemewp.com\/#website"},"datePublished":"2019-04-17T15:37:10+00:00","dateModified":"2019-08-19T03:44:57+00:00","breadcrumb":{"@id":"https:\/\/xamhinhnghethuateratattoo.chothemewp.com\/?page_id=289#breadcrumb"},"inLanguage":"vi","potentialAction":[{"@type":"ReadAction","target":["https:\/\/xamhinhnghethuateratattoo.chothemewp.com\/?page_id=289"]}]},{"@type":"BreadcrumbList","@id":"https:\/\/xamhinhnghethuateratattoo.chothemewp.com\/?page_id=289#breadcrumb","itemListElement":[{"@type":"ListItem","position":1,"name":"Trang ch\u1ee7","item":"https:\/\/xamhinhnghethuateratattoo.chothemewp.com\/"},{"@type":"ListItem","position":2,"name":"Gi\u1edbi thi\u1ec7u"}]}]}},"_links":{"self":[{"href":"https:\/\/xamhinhnghethuateratattoo.chothemewp.com\/index.php?rest_route=\/wp\/v2\/pages\/289"}],"collection":[{"href":"https:\/\/xamhinhnghethuateratattoo.chothemewp.com\/index.php?rest_route=\/wp\/v2\/pages"}],"about":[{"href":"https:\/\/xamhinhnghethuateratattoo.chothemewp.com\/index.php?rest_route=\/wp\/v2\/types\/page"}],"author":[{"embeddable":true,"href":"https:\/\/xamhinhnghethuateratattoo.chothemewp.com\/index.php?rest_route=\/wp\/v2\/users\/1"}],"replies":[{"embeddable":true,"href":"https:\/\/xamhinhnghethuateratattoo.chothemewp.com\/index.php?rest_route=%2Fwp%2Fv2%2Fcomments&post=289"}],"version-history":[{"count":0,"href":"https:\/\/xamhinhnghethuateratattoo.chothemewp.com\/index.php?rest_route=\/wp\/v2\/pages\/289\/revisions"}],"wp:attachment":[{"href":"https:\/\/xamhinhnghethuateratattoo.chothemewp.com\/index.php?rest_route=%2Fwp%2Fv2%2Fmedia&parent=289"}],"curies":[{"name":"wp","href":"https:\/\/api.w.org\/{rel}","templated":true}]}}